{"id":76,"date":"2023-09-27T14:42:07","date_gmt":"2023-09-27T14:42:07","guid":{"rendered":"https:\/\/can-am-experience.fr\/?page_id=76"},"modified":"2024-02-08T10:14:24","modified_gmt":"2024-02-08T10:14:24","slug":"dortmund-show","status":"publish","type":"page","link":"https:\/\/can-am-experience.fr\/de\/dortmund-show","title":{"rendered":"Dortmund Show"},"content":{"rendered":"\t\t<div data-elementor-type=\"wp-page\" data-elementor-id=\"76\" class=\"elementor elementor-76\">\n\t\t\t\t\t\t<section class=\"elementor-section elementor-top-section elementor-element elementor-element-93e466f elementor-section-boxed elementor-section-height-default elementor-section-height-default\" data-id=\"93e466f\" data-element_type=\"section\" data-e-type=\"section\">\n\t\t\t\t\t\t<div class=\"elementor-container elementor-column-gap-default\">\n\t\t\t\t\t<div class=\"elementor-column elementor-col-100 elementor-top-column elementor-element elementor-element-81782d7\" data-id=\"81782d7\" data-element_type=\"column\" data-e-type=\"column\">\n\t\t\t<div class=\"elementor-widget-wrap elementor-element-populated\">\n\t\t\t\t\t\t<div class=\"elementor-element elementor-element-f42af22 elementor-widget elementor-widget-heading\" data-id=\"f42af22\" data-element_type=\"widget\" data-e-type=\"widget\" data-widget_type=\"heading.default\">\n\t\t\t\t<div class=\"elementor-widget-container\">\n\t\t\t\t\t<h2 class=\"elementor-heading-title elementor-size-default\">Can-Am\u00b4s Vorstellung der Elektromotorr\u00e4der in Dortmund \u2013 01.03.2024 <\/h2>\t\t\t\t<\/div>\n\t\t\t\t<\/div>\n\t\t\t\t<div class=\"elementor-element elementor-element-31a4ada elementor-widget elementor-widget-image\" data-id=\"31a4ada\" data-element_type=\"widget\" data-e-type=\"widget\" data-widget_type=\"image.default\">\n\t\t\t\t<div class=\"elementor-widget-container\">\n\t\t\t\t\t\t\t\t\t\t\t\t\t\t\t<img fetchpriority=\"high\" decoding=\"async\" width=\"1920\" height=\"550\" src=\"https:\/\/can-am-experience.fr\/wp-content\/uploads\/2023\/09\/brp2023-05_tnt_integrations_image8_16-9_final_v1_01.jpg\" class=\"attachment-full size-full wp-image-90\" alt=\"\" srcset=\"https:\/\/can-am-experience.fr\/wp-content\/uploads\/2023\/09\/brp2023-05_tnt_integrations_image8_16-9_final_v1_01.jpg 1920w, https:\/\/can-am-experience.fr\/wp-content\/uploads\/2023\/09\/brp2023-05_tnt_integrations_image8_16-9_final_v1_01-300x86.jpg 300w, https:\/\/can-am-experience.fr\/wp-content\/uploads\/2023\/09\/brp2023-05_tnt_integrations_image8_16-9_final_v1_01-1024x293.jpg 1024w, https:\/\/can-am-experience.fr\/wp-content\/uploads\/2023\/09\/brp2023-05_tnt_integrations_image8_16-9_final_v1_01-768x220.jpg 768w, https:\/\/can-am-experience.fr\/wp-content\/uploads\/2023\/09\/brp2023-05_tnt_integrations_image8_16-9_final_v1_01-1536x440.jpg 1536w\" sizes=\"(max-width: 1920px) 100vw, 1920px\" \/>\t\t\t\t\t\t\t\t\t\t\t\t\t\t\t<\/div>\n\t\t\t\t<\/div>\n\t\t\t\t<div class=\"elementor-element elementor-element-50220a4 elementor-widget elementor-widget-text-editor\" data-id=\"50220a4\" data-element_type=\"widget\" data-e-type=\"widget\" data-widget_type=\"text-editor.default\">\n\t\t\t\t<div class=\"elementor-widget-container\">\n\t\t\t\t\t\t\t\t\t<p>Diese Veranstaltung bietet die optimale Gelegenheit, mehr \u00fcber BRP zu erfahren und die Strategie f\u00fcr die Elektromotorr\u00e4der von Can-Am\u00a0 in Deutschland zu verstehen. Sie werden auch unsere Designer,\u00a0 Produktmanager und Kollegen von der H\u00e4ndlernetzentwicklung kennenlernen, die diese neue Vision<br \/>der Elektromobilit\u00e4t geschaffen haben.<\/p><p><strong>Geplante Agenda<\/strong>:\u00a0<br \/>18:00-19:20 Open Welcome<br \/>19:30-20:15 Offizielle Pr\u00e4sentation<br \/>Ab ca. 20:15 Abendessen<br \/>Ende ca. 22Uhr<\/p>\t\t\t\t\t\t\t\t<\/div>\n\t\t\t\t<\/div>\n\t\t\t\t<div class=\"elementor-element elementor-element-515e0b9 elementor-widget elementor-widget-shortcode\" data-id=\"515e0b9\" data-element_type=\"widget\" data-e-type=\"widget\" data-widget_type=\"shortcode.default\">\n\t\t\t\t<div class=\"elementor-widget-container\">\n\t\t\t\t\t\t\t<div class=\"elementor-shortcode\"><div class=\"wpforms-container wpforms-container-full\" id=\"wpforms-139\"><form id=\"wpforms-form-139\" class=\"wpforms-validate wpforms-form wpforms-ajax-form\" data-formid=\"139\" method=\"post\" enctype=\"multipart\/form-data\" action=\"\/de\/wp-json\/wp\/v2\/pages\/76\" data-token=\"065e24a2127ee7cf8fddc31da52cadbd\" data-token-time=\"1777683346\"><noscript class=\"wpforms-error-noscript\">Bitte aktiviere JavaScript in deinem Browser, um dieses Formular fertigzustellen.<\/noscript><div class=\"wpforms-field-container\"><div id=\"wpforms-139-field_1-container\" class=\"wpforms-field wpforms-field-name\" data-field-id=\"1\"><label class=\"wpforms-field-label\" for=\"wpforms-139-field_1\">Vorname, Name <span class=\"wpforms-required-label\">*<\/span><\/label><div class=\"wpforms-field-row wpforms-field-medium\"><div class=\"wpforms-field-row-block wpforms-first wpforms-one-half\"><input type=\"text\" id=\"wpforms-139-field_1\" class=\"wpforms-field-name-first wpforms-field-required\" name=\"wpforms[fields][1][first]\" required><label for=\"wpforms-139-field_1\" class=\"wpforms-field-sublabel after wpforms-sublabel-hide\">Vorname<\/label><\/div><div class=\"wpforms-field-row-block wpforms-one-half\"><input type=\"text\" id=\"wpforms-139-field_1-last\" class=\"wpforms-field-name-last wpforms-field-required\" name=\"wpforms[fields][1][last]\" required><label for=\"wpforms-139-field_1-last\" class=\"wpforms-field-sublabel after wpforms-sublabel-hide\">Nachname<\/label><\/div><\/div><\/div><div id=\"wpforms-139-field_2-container\" class=\"wpforms-field wpforms-field-email\" data-field-id=\"2\"><label class=\"wpforms-field-label\" for=\"wpforms-139-field_2\">Emailadresse <span class=\"wpforms-required-label\">*<\/span><\/label><input type=\"email\" id=\"wpforms-139-field_2\" class=\"wpforms-field-medium wpforms-field-required\" name=\"wpforms[fields][2]\" spellcheck=\"false\" required><\/div><div id=\"wpforms-139-field_9-container\" class=\"wpforms-field wpforms-field-phone\" data-field-id=\"9\"><label class=\"wpforms-field-label\" for=\"wpforms-139-field_9\">Telefonnummer<\/label><input type=\"tel\" id=\"wpforms-139-field_9\" class=\"wpforms-field-medium wpforms-smart-phone-field\" data-rule-smart-phone-field=\"true\" name=\"wpforms[fields][9]\" aria-label=\"Telefonnummer\" ><\/div><div id=\"wpforms-139-field_4-container\" class=\"wpforms-field wpforms-field-text\" data-field-id=\"4\"><label class=\"wpforms-field-label\" for=\"wpforms-139-field_4\">Firma <span class=\"wpforms-required-label\">*<\/span><\/label><input type=\"text\" id=\"wpforms-139-field_4\" class=\"wpforms-field-medium wpforms-field-required\" name=\"wpforms[fields][4]\" required><\/div><div id=\"wpforms-139-field_8-container\" class=\"wpforms-field wpforms-field-select wpforms-field-select-style-classic\" data-field-id=\"8\"><label class=\"wpforms-field-label\" for=\"wpforms-139-field_8\">G\u00e4steanzahl <span class=\"wpforms-required-label\">*<\/span><\/label><select id=\"wpforms-139-field_8\" class=\"wpforms-field-medium wpforms-field-required\" name=\"wpforms[fields][8]\" required=\"required\"><option value=\"1\"  class=\"choice-1 depth-1\"  >1<\/option><option value=\"2\"  class=\"choice-2 depth-1\"  >2<\/option><option value=\"3\"  class=\"choice-3 depth-1\"  >3<\/option><option value=\"4\"  class=\"choice-4 depth-1\"  >4<\/option><option value=\"5\"  class=\"choice-5 depth-1\"  >5<\/option><\/select><\/div><div id=\"wpforms-139-field_6-container\" class=\"wpforms-field wpforms-field-checkbox\" data-field-id=\"6\"><label class=\"wpforms-field-label\">Ich m\u00f6chte mich f\u00fcr die folgende Veranstaltung anmelden:<\/label><ul id=\"wpforms-139-field_6\"><li class=\"choice-4 depth-1\"><input type=\"checkbox\" id=\"wpforms-139-field_6_4\" name=\"wpforms[fields][6][]\" value=\"01.03 \u2013 Ab 18 Uhr : Open welcome + Offizielle Pr\u00e4sentation\"  ><label class=\"wpforms-field-label-inline\" for=\"wpforms-139-field_6_4\">01.03 \u2013 Ab 18 Uhr : Open welcome + Offizielle Pr\u00e4sentation<\/label><\/li><li class=\"choice-5 depth-1\"><input type=\"checkbox\" id=\"wpforms-139-field_6_5\" name=\"wpforms[fields][6][]\" value=\"01.03 \u2013 Ab 18 Uhr : Open welcome + Offizielle Pr\u00e4sentation + Abendessen\"  ><label class=\"wpforms-field-label-inline\" for=\"wpforms-139-field_6_5\">01.03 \u2013 Ab 18 Uhr : Open welcome + Offizielle Pr\u00e4sentation + Abendessen<\/label><\/li><\/ul><\/div><\/div><!-- .wpforms-field-container --><div class=\"wpforms-submit-container\" ><input type=\"hidden\" name=\"wpforms[id]\" value=\"139\"><input type=\"hidden\" name=\"page_title\" value=\"\"><input type=\"hidden\" name=\"page_url\" value=\"https:\/\/can-am-experience.fr\/de\/wp-json\/wp\/v2\/pages\/76\"><input type=\"hidden\" name=\"url_referer\" value=\"\">\t\t<div id=\"cf-turnstile-wpf-1835448732\"\r\n\t\tclass=\"cf-turnstile\" \t\tdata-sitekey=\"0x4AAAAAACZr-_CdWv_b282l\"\r\n\t\tdata-theme=\"light\"\r\n\t\tdata-language=\"auto\"\r\n\t\tdata-size=\"normal\"\r\n\t\tdata-retry=\"auto\" data-retry-interval=\"1000\"\r\n\t\tdata-refresh-expired=\"auto\"\r\n\t\tdata-refresh-timeout=\"auto\"\r\n\t\tdata-action=\"wpforms-139\"\r\n\t\tdata-callback=\"turnstileWPFCallback\"\r\n\t\t\t\tdata-appearance=\"always\"><\/div>\r\n\t\t\t<script>document.addEventListener(\"DOMContentLoaded\", function() { setTimeout(function(){ var e=document.getElementById(\"cf-turnstile-wpf-1835448732\"); if(e&&!e.innerHTML.trim()){turnstile.render(e, {sitekey:\"0x4AAAAAACZr-_CdWv_b282l\"});} }, 200); });<\/script>\r\n\t\t\t<br class=\"cf-turnstile-br cf-turnstile-br-wpf-1835448732\">\r\n\t\t\t\t<style>#cf-turnstile-wpf-1835448732 { margin-left: -15px; }<\/style>\r\n\t\t<button type=\"submit\" name=\"wpforms[submit]\" id=\"wpforms-submit-139\" class=\"wpforms-submit\" data-alt-text=\"Senden...\" data-submit-text=\"Senden\" aria-live=\"assertive\" value=\"wpforms-submit\">Senden<\/button><img decoding=\"async\" src=\"https:\/\/can-am-experience.fr\/wp-content\/plugins\/wpforms\/assets\/images\/submit-spin.svg\" class=\"wpforms-submit-spinner\" style=\"display: none;\" width=\"26\" height=\"26\" alt=\"Wird geladen\"><\/div><\/form><\/div>  <!-- .wpforms-container --><\/div>\n\t\t\t\t\t\t<\/div>\n\t\t\t\t<\/div>\n\t\t\t\t<div class=\"elementor-element elementor-element-87aff24 elementor-widget elementor-widget-google_maps\" data-id=\"87aff24\" data-element_type=\"widget\" data-e-type=\"widget\" data-widget_type=\"google_maps.default\">\n\t\t\t\t<div class=\"elementor-widget-container\">\n\t\t\t\t\t\t\t<div class=\"elementor-custom-embed\">\n\t\t\t<iframe loading=\"lazy\"\n\t\t\t\t\tsrc=\"https:\/\/maps.google.com\/maps?q=Dorint%20hotel%20dortmund&#038;t=m&#038;z=15&#038;output=embed&#038;iwloc=near\"\n\t\t\t\t\ttitle=\"Dorint hotel dortmund\"\n\t\t\t\t\taria-label=\"Dorint hotel dortmund\"\n\t\t\t><\/iframe>\n\t\t<\/div>\n\t\t\t\t\t\t<\/div>\n\t\t\t\t<\/div>\n\t\t\t\t\t<\/div>\n\t\t<\/div>\n\t\t\t\t\t<\/div>\n\t\t<\/section>\n\t\t\t\t<\/div>\n\t\t","protected":false},"excerpt":{"rendered":"<p>Can-Am\u00b4s Vorstellung der Elektromotorr\u00e4der in Dortmund \u2013 01.03.2024 Diese Veranstaltung bietet die optimale Gelegenheit, mehr \u00fcber BRP zu erfahren und die Strategie f\u00fcr die Elektromotorr\u00e4der von Can-Am\u00a0 in Deutschland zu verstehen. Sie werden auch unsere Designer,\u00a0 Produktmanager und Kollegen von der H\u00e4ndlernetzentwicklung kennenlernen, die diese neue Visionder Elektromobilit\u00e4t geschaffen haben. Geplante Agenda:\u00a018:00-19:20 Open Welcome19:30-20:15 Offizielle [&hellip;]<\/p>\n","protected":false},"author":1,"featured_media":0,"parent":0,"menu_order":0,"comment_status":"closed","ping_status":"closed","template":"elementor_header_footer","meta":{"zakra_page_container_layout":"customizer","zakra_page_sidebar_layout":"customizer","zakra_remove_content_margin":false,"zakra_sidebar":"customizer","zakra_transparent_header":"customizer","zakra_logo":0,"zakra_main_header_style":"default","zakra_menu_item_color":"","zakra_menu_item_hover_color":"","zakra_menu_item_active_color":"","zakra_menu_active_style":"","zakra_page_header":true,"_monsterinsights_skip_tracking":false,"_monsterinsights_sitenote_active":false,"_monsterinsights_sitenote_note":"","_monsterinsights_sitenote_category":0,"footnotes":""},"class_list":["post-76","page","type-page","status-publish","hentry"],"_links":{"self":[{"href":"https:\/\/can-am-experience.fr\/de\/wp-json\/wp\/v2\/pages\/76","targetHints":{"allow":["GET"]}}],"collection":[{"href":"https:\/\/can-am-experience.fr\/de\/wp-json\/wp\/v2\/pages"}],"about":[{"href":"https:\/\/can-am-experience.fr\/de\/wp-json\/wp\/v2\/types\/page"}],"author":[{"embeddable":true,"href":"https:\/\/can-am-experience.fr\/de\/wp-json\/wp\/v2\/users\/1"}],"replies":[{"embeddable":true,"href":"https:\/\/can-am-experience.fr\/de\/wp-json\/wp\/v2\/comments?post=76"}],"version-history":[{"count":40,"href":"https:\/\/can-am-experience.fr\/de\/wp-json\/wp\/v2\/pages\/76\/revisions"}],"predecessor-version":[{"id":202,"href":"https:\/\/can-am-experience.fr\/de\/wp-json\/wp\/v2\/pages\/76\/revisions\/202"}],"wp:attachment":[{"href":"https:\/\/can-am-experience.fr\/de\/wp-json\/wp\/v2\/media?parent=76"}],"curies":[{"name":"wp","href":"https:\/\/api.w.org\/{rel}","templated":true}]}}