{"id":757,"date":"2026-02-09T14:35:39","date_gmt":"2026-02-09T14:35:39","guid":{"rendered":"https:\/\/can-am-experience.fr\/?page_id=757"},"modified":"2026-02-11T11:08:37","modified_gmt":"2026-02-11T11:08:37","slug":"can-am-demo-experience-2026","status":"publish","type":"page","link":"https:\/\/can-am-experience.fr\/en\/can-am-demo-experience-2026","title":{"rendered":"Can-Am Demo-Experience 2026"},"content":{"rendered":"\t\t<div data-elementor-type=\"wp-page\" data-elementor-id=\"757\" class=\"elementor elementor-757\">\n\t\t\t\t\t\t<section class=\"elementor-section elementor-top-section elementor-element elementor-element-8c064fd elementor-section-boxed elementor-section-height-default elementor-section-height-default\" data-id=\"8c064fd\" data-element_type=\"section\" data-e-type=\"section\">\n\t\t\t\t\t\t<div class=\"elementor-container elementor-column-gap-default\">\n\t\t\t\t\t<div class=\"elementor-column elementor-col-100 elementor-top-column elementor-element elementor-element-7d4fe65\" data-id=\"7d4fe65\" data-element_type=\"column\" data-e-type=\"column\">\n\t\t\t<div class=\"elementor-widget-wrap elementor-element-populated\">\n\t\t\t\t\t\t<div class=\"elementor-element elementor-element-8c8766d elementor-widget elementor-widget-image\" data-id=\"8c8766d\" data-element_type=\"widget\" data-e-type=\"widget\" data-widget_type=\"image.default\">\n\t\t\t\t<div class=\"elementor-widget-container\">\n\t\t\t\t\t\t\t\t\t\t\t\t\t\t\t<img fetchpriority=\"high\" decoding=\"async\" width=\"1024\" height=\"453\" src=\"https:\/\/can-am-experience.fr\/wp-content\/uploads\/2025\/01\/ONRD-MY25-3WV-CANYON-REDROCK-PAVE-UNPAVE-3687-RGB-1024x453.jpg\" class=\"attachment-large size-large wp-image-276\" alt=\"\" srcset=\"https:\/\/can-am-experience.fr\/wp-content\/uploads\/2025\/01\/ONRD-MY25-3WV-CANYON-REDROCK-PAVE-UNPAVE-3687-RGB-1024x453.jpg 1024w, https:\/\/can-am-experience.fr\/wp-content\/uploads\/2025\/01\/ONRD-MY25-3WV-CANYON-REDROCK-PAVE-UNPAVE-3687-RGB-300x133.jpg 300w, https:\/\/can-am-experience.fr\/wp-content\/uploads\/2025\/01\/ONRD-MY25-3WV-CANYON-REDROCK-PAVE-UNPAVE-3687-RGB-768x340.jpg 768w, https:\/\/can-am-experience.fr\/wp-content\/uploads\/2025\/01\/ONRD-MY25-3WV-CANYON-REDROCK-PAVE-UNPAVE-3687-RGB-1536x680.jpg 1536w, https:\/\/can-am-experience.fr\/wp-content\/uploads\/2025\/01\/ONRD-MY25-3WV-CANYON-REDROCK-PAVE-UNPAVE-3687-RGB.jpg 1966w\" sizes=\"(max-width: 1024px) 100vw, 1024px\" \/>\t\t\t\t\t\t\t\t\t\t\t\t\t\t\t<\/div>\n\t\t\t\t<\/div>\n\t\t\t\t<div class=\"elementor-element elementor-element-439daf7 elementor-widget elementor-widget-heading\" data-id=\"439daf7\" data-element_type=\"widget\" data-e-type=\"widget\" data-widget_type=\"heading.default\">\n\t\t\t\t<div class=\"elementor-widget-container\">\n\t\t\t\t\t<h2 class=\"elementor-heading-title elementor-size-default\">DEMO RIDE CAN-AM 2-ROUES ET\/OU 3 ROUES<\/h2>\t\t\t\t<\/div>\n\t\t\t\t<\/div>\n\t\t\t\t<div class=\"elementor-element elementor-element-0ac9846 elementor-widget elementor-widget-heading\" data-id=\"0ac9846\" data-element_type=\"widget\" data-e-type=\"widget\" data-widget_type=\"heading.default\">\n\t\t\t\t<div class=\"elementor-widget-container\">\n\t\t\t\t\t<h2 class=\"elementor-heading-title elementor-size-default\">A remplir avant le 25 f\u00e9vrier 2026<\/h2>\t\t\t\t<\/div>\n\t\t\t\t<\/div>\n\t\t\t\t<div class=\"elementor-element elementor-element-4f95a0d elementor-widget elementor-widget-shortcode\" data-id=\"4f95a0d\" data-element_type=\"widget\" data-e-type=\"widget\" data-widget_type=\"shortcode.default\">\n\t\t\t\t<div class=\"elementor-widget-container\">\n\t\t\t\t\t\t\t<div class=\"elementor-shortcode\"><div class=\"wpforms-container wpforms-container-full\" id=\"wpforms-762\"><form id=\"wpforms-form-762\" class=\"wpforms-validate wpforms-form wpforms-ajax-form\" data-formid=\"762\" method=\"post\" enctype=\"multipart\/form-data\" action=\"\/en\/wp-json\/wp\/v2\/pages\/757\" data-token=\"f32f0233d6232ea09e9c9ec227bc579a\" data-token-time=\"1776509468\"><noscript class=\"wpforms-error-noscript\">Please enable JavaScript in your browser to complete this form.<\/noscript><div class=\"wpforms-field-container\"><div id=\"wpforms-762-field_1-container\" class=\"wpforms-field wpforms-field-text\" data-field-id=\"1\"><label class=\"wpforms-field-label\" for=\"wpforms-762-field_1\">Nom de la concession <span class=\"wpforms-required-label\">*<\/span><\/label><input type=\"text\" id=\"wpforms-762-field_1\" class=\"wpforms-field-medium wpforms-field-required\" name=\"wpforms[fields][1]\" required><\/div><div id=\"wpforms-762-field_2-container\" class=\"wpforms-field wpforms-field-text\" data-field-id=\"2\"><label class=\"wpforms-field-label\" for=\"wpforms-762-field_2\">Num\u00e9ro de la concession <span class=\"wpforms-required-label\">*<\/span><\/label><input type=\"text\" id=\"wpforms-762-field_2\" class=\"wpforms-field-medium wpforms-field-required\" name=\"wpforms[fields][2]\" required><\/div><div id=\"wpforms-762-field_4-container\" class=\"wpforms-field wpforms-field-name\" data-field-id=\"4\"><label class=\"wpforms-field-label\" for=\"wpforms-762-field_4\">Personne responsable de l&#039;op\u00e9ration au sein de la concession <span class=\"wpforms-required-label\">*<\/span><\/label><div class=\"wpforms-field-row wpforms-field-medium\"><div class=\"wpforms-field-row-block wpforms-first wpforms-one-half\"><input type=\"text\" id=\"wpforms-762-field_4\" class=\"wpforms-field-name-first wpforms-field-required\" name=\"wpforms[fields][4][first]\" placeholder=\"Pr\u00e9nom\" required><label for=\"wpforms-762-field_4\" class=\"wpforms-field-sublabel after wpforms-sublabel-hide\">First<\/label><\/div><div class=\"wpforms-field-row-block wpforms-one-half\"><input type=\"text\" id=\"wpforms-762-field_4-last\" class=\"wpforms-field-name-last wpforms-field-required\" name=\"wpforms[fields][4][last]\" placeholder=\"Nom\" required><label for=\"wpforms-762-field_4-last\" class=\"wpforms-field-sublabel after wpforms-sublabel-hide\">Last<\/label><\/div><\/div><\/div><div id=\"wpforms-762-field_5-container\" class=\"wpforms-field wpforms-field-email\" data-field-id=\"5\"><label class=\"wpforms-field-label\" for=\"wpforms-762-field_5\">Email de la personne responsable <span class=\"wpforms-required-label\">*<\/span><\/label><input type=\"email\" id=\"wpforms-762-field_5\" class=\"wpforms-field-medium wpforms-field-required\" name=\"wpforms[fields][5]\" spellcheck=\"false\" required><\/div><div id=\"wpforms-762-field_6-container\" class=\"wpforms-field wpforms-field-phone\" data-field-id=\"6\"><label class=\"wpforms-field-label\" for=\"wpforms-762-field_6\">T\u00e9l\u00e9phone de la personne responsable <span class=\"wpforms-required-label\">*<\/span><\/label><input type=\"tel\" id=\"wpforms-762-field_6\" class=\"wpforms-field-medium wpforms-field-required wpforms-smart-phone-field\" data-rule-smart-phone-field=\"true\" name=\"wpforms[fields][6]\" placeholder=\"Num\u00e9ro de portable\" aria-label=\"T\u00e9l\u00e9phone de la personne responsable\" required><\/div><div id=\"wpforms-762-field_18-container\" class=\"wpforms-field wpforms-field-content\" data-field-id=\"18\"><div id=\"wpforms-762-field_18\" class=\"wpforms-field-medium wpforms-field-row\"><h4>CHOIX DU WEEK-END<\/h4>\n<p>Attention, le choix du week-end vous sera confirm\u00e9 en fonction de la disponibilit\u00e9 dans l'ordre de vos pr\u00e9f\u00e9rences<\/p>\n<div class=\"wpforms-field-content-display-frontend-clear\"><\/div><\/div><\/div><div id=\"wpforms-762-field_8-container\" class=\"wpforms-field wpforms-field-date-time\" data-field-id=\"8\"><label class=\"wpforms-field-label\" for=\"wpforms-762-field_8\">WE (choisir le premier jour du Week-End) - PREMIER CHOIX <span class=\"wpforms-required-label\">*<\/span><\/label><div class=\"wpforms-datepicker-wrap\"><input type=\"text\" id=\"wpforms-762-field_8\" class=\"wpforms-field-date-time-date wpforms-datepicker wpforms-field-required wpforms-field-medium\" data-date-format=\"d\/m\/Y\" data-disable-past-dates=\"0\" data-input=\"true\" name=\"wpforms[fields][8][date]\" required><a title=\"Clear Date\" data-clear role=\"button\" tabindex=\"0\" class=\"wpforms-datepicker-clear\" aria-label=\"Clear Date\" style=\"display:none;\"><\/a><\/div><\/div><div id=\"wpforms-762-field_15-container\" class=\"wpforms-field wpforms-field-date-time\" data-field-id=\"15\"><label class=\"wpforms-field-label\" for=\"wpforms-762-field_15\">WE (choisir le premier jour du Week-End) - DEUXIEME CHOIX <span class=\"wpforms-required-label\">*<\/span><\/label><div class=\"wpforms-datepicker-wrap\"><input type=\"text\" id=\"wpforms-762-field_15\" class=\"wpforms-field-date-time-date wpforms-datepicker wpforms-field-required wpforms-field-medium\" data-date-format=\"d\/m\/Y\" data-disable-past-dates=\"0\" data-input=\"true\" name=\"wpforms[fields][15][date]\" required><a title=\"Clear Date\" data-clear role=\"button\" tabindex=\"0\" class=\"wpforms-datepicker-clear\" aria-label=\"Clear Date\" style=\"display:none;\"><\/a><\/div><\/div><div id=\"wpforms-762-field_16-container\" class=\"wpforms-field wpforms-field-date-time\" data-field-id=\"16\"><label class=\"wpforms-field-label\" for=\"wpforms-762-field_16\">WE (choisir le premier jour du Week-End) - TROISIEME CHOIX <span class=\"wpforms-required-label\">*<\/span><\/label><div class=\"wpforms-datepicker-wrap\"><input type=\"text\" id=\"wpforms-762-field_16\" class=\"wpforms-field-date-time-date wpforms-datepicker wpforms-field-required wpforms-field-medium\" data-date-format=\"d\/m\/Y\" data-disable-past-dates=\"0\" data-input=\"true\" name=\"wpforms[fields][16][date]\" required><a title=\"Clear Date\" data-clear role=\"button\" tabindex=\"0\" class=\"wpforms-datepicker-clear\" aria-label=\"Clear Date\" style=\"display:none;\"><\/a><\/div><\/div><div id=\"wpforms-762-field_19-container\" class=\"wpforms-field wpforms-field-content\" data-field-id=\"19\"><div id=\"wpforms-762-field_19\" class=\"wpforms-field-medium wpforms-field-row\"><h4><b>NOUVEAUT\u00c9:\u00a0<\/b><\/h4>\n<ul>\n<li>2 moniteurs BMC pour encadrer les essais<\/li>\n<li>2 v\u00e9hicules moniteurs livr\u00e9s par BMC<\/li>\n<li>Campagnes m\u00e9dias d\u00e9di\u00e9es par ligne de produit<\/li>\n<li>Offres \u201croadshow\u201d pour les participants*<\/li>\n<li>Jeu Concours \u201cGagner un Pulse \/ Ryker\u201d*<\/li>\n<li>Concept cr\u00e9atif pour une exp\u00e9rience enrichie<\/li>\n<\/ul>\n<p><b>COOP - 6 625 \u20ac \/ weekend<\/b><br \/>\n70% support\u00e9 par votre COOP soit <b>4 637,50 \u20ac<\/b><br \/>\n30% \u00e0 votre charge soit <b>1 987,50 \u20ac<\/b><\/p>\n<div class=\"wpforms-field-content-display-frontend-clear\"><\/div><\/div><\/div><\/div><!-- .wpforms-field-container --><div class=\"wpforms-submit-container\" ><input type=\"hidden\" name=\"wpforms[id]\" value=\"762\"><input type=\"hidden\" name=\"page_title\" value=\"\"><input type=\"hidden\" name=\"page_url\" value=\"https:\/\/can-am-experience.fr\/en\/wp-json\/wp\/v2\/pages\/757\"><input type=\"hidden\" name=\"url_referer\" value=\"\">\t\t<div id=\"cf-turnstile-wpf-1265285911\"\r\n\t\tclass=\"cf-turnstile\" \t\tdata-sitekey=\"0x4AAAAAACZr-_CdWv_b282l\"\r\n\t\tdata-theme=\"light\"\r\n\t\tdata-language=\"auto\"\r\n\t\tdata-size=\"normal\"\r\n\t\tdata-retry=\"auto\" data-retry-interval=\"1000\"\r\n\t\tdata-refresh-expired=\"auto\"\r\n\t\tdata-refresh-timeout=\"auto\"\r\n\t\tdata-action=\"wpforms-762\"\r\n\t\tdata-callback=\"turnstileWPFCallback\"\r\n\t\t\t\tdata-appearance=\"always\"><\/div>\r\n\t\t\t<script>document.addEventListener(\"DOMContentLoaded\", function() { setTimeout(function(){ var e=document.getElementById(\"cf-turnstile-wpf-1265285911\"); if(e&&!e.innerHTML.trim()){turnstile.render(e, {sitekey:\"0x4AAAAAACZr-_CdWv_b282l\"});} }, 200); });<\/script>\r\n\t\t\t<br class=\"cf-turnstile-br cf-turnstile-br-wpf-1265285911\">\r\n\t\t\t\t<style>#cf-turnstile-wpf-1265285911 { margin-left: -15px; }<\/style>\r\n\t\t<button type=\"submit\" name=\"wpforms[submit]\" id=\"wpforms-submit-762\" class=\"wpforms-submit\" data-alt-text=\"Envoi\u2026\" data-submit-text=\"Soumettre\" aria-live=\"assertive\" value=\"wpforms-submit\">Soumettre<\/button><img decoding=\"async\" src=\"https:\/\/can-am-experience.fr\/wp-content\/plugins\/wpforms\/assets\/images\/submit-spin.svg\" class=\"wpforms-submit-spinner\" style=\"display: none;\" width=\"26\" height=\"26\" alt=\"Loading\"><\/div><\/form><\/div>  <!-- .wpforms-container -->\t<\/div>\n\t\t\t\t\t\t<\/div>\n\t\t\t\t<\/div>\n\t\t\t\t\t<\/div>\n\t\t<\/div>\n\t\t\t\t\t<\/div>\n\t\t<\/section>\n\t\t\t\t<\/div>\n\t\t","protected":false},"excerpt":{"rendered":"<p>DEMO RIDE CAN-AM 2-ROUES ET\/OU 3 ROUES A remplir avant le 25 f\u00e9vrier 2026<\/p>","protected":false},"author":1,"featured_media":0,"parent":0,"menu_order":0,"comment_status":"closed","ping_status":"closed","template":"elementor_header_footer","meta":{"zakra_page_container_layout":"customizer","zakra_page_sidebar_layout":"customizer","zakra_remove_content_margin":false,"zakra_sidebar":"customizer","zakra_transparent_header":"customizer","zakra_logo":0,"zakra_main_header_style":"default","zakra_menu_item_color":"","zakra_menu_item_hover_color":"","zakra_menu_item_active_color":"","zakra_menu_active_style":"","zakra_page_header":true,"_monsterinsights_skip_tracking":false,"_monsterinsights_sitenote_active":false,"_monsterinsights_sitenote_note":"","_monsterinsights_sitenote_category":0,"footnotes":""},"class_list":["post-757","page","type-page","status-publish","hentry"],"_links":{"self":[{"href":"https:\/\/can-am-experience.fr\/en\/wp-json\/wp\/v2\/pages\/757","targetHints":{"allow":["GET"]}}],"collection":[{"href":"https:\/\/can-am-experience.fr\/en\/wp-json\/wp\/v2\/pages"}],"about":[{"href":"https:\/\/can-am-experience.fr\/en\/wp-json\/wp\/v2\/types\/page"}],"author":[{"embeddable":true,"href":"https:\/\/can-am-experience.fr\/en\/wp-json\/wp\/v2\/users\/1"}],"replies":[{"embeddable":true,"href":"https:\/\/can-am-experience.fr\/en\/wp-json\/wp\/v2\/comments?post=757"}],"version-history":[{"count":11,"href":"https:\/\/can-am-experience.fr\/en\/wp-json\/wp\/v2\/pages\/757\/revisions"}],"predecessor-version":[{"id":775,"href":"https:\/\/can-am-experience.fr\/en\/wp-json\/wp\/v2\/pages\/757\/revisions\/775"}],"wp:attachment":[{"href":"https:\/\/can-am-experience.fr\/en\/wp-json\/wp\/v2\/media?parent=757"}],"curies":[{"name":"wp","href":"https:\/\/api.w.org\/{rel}","templated":true}]}}